{"id":485,"date":"2025-12-16T02:59:45","date_gmt":"2025-12-16T02:59:45","guid":{"rendered":"https:\/\/janeunmasked.com\/?page_id=485"},"modified":"2026-01-08T02:11:32","modified_gmt":"2026-01-08T02:11:32","slug":"about-this-space","status":"publish","type":"page","link":"https:\/\/janeunmasked.com\/es\/about-this-space\/","title":{"rendered":"Sobre este espacio"},"content":{"rendered":"<div data-elementor-type=\"wp-page\" data-elementor-id=\"485\" class=\"elementor elementor-485\" data-elementor-post-type=\"page\">\n\t\t\t\t<div class=\"elementor-element elementor-element-3d807886 e-flex e-con-boxed e-con e-parent\" data-id=\"3d807886\" data-element_type=\"container\" data-e-type=\"container\" data-settings=\"{&quot;background_background&quot;:&quot;classic&quot;}\">\n\t\t\t\t\t<div class=\"e-con-inner\">\n\t\t<div class=\"elementor-element elementor-element-e466f96 e-con-full e-flex e-con e-child\" data-id=\"e466f96\" data-element_type=\"container\" data-e-type=\"container\">\n\t\t<div class=\"elementor-element elementor-element-7dbb1fa e-con-full e-flex e-con e-child\" data-id=\"7dbb1fa\" data-element_type=\"container\" data-e-type=\"container\" data-settings=\"{&quot;background_background&quot;:&quot;classic&quot;}\">\n\t\t\t\t<div class=\"elementor-element elementor-element-4bf2bba0 elementor-widget elementor-widget-heading\" data-id=\"4bf2bba0\" data-element_type=\"widget\" data-e-type=\"widget\" data-widget_type=\"heading.default\">\n\t\t\t\t\t<h2 class=\"elementor-heading-title elementor-size-default\">Sobre este espacio...<\/h2>\t\t\t\t<\/div>\n\t\t\t\t<\/div>\n\t\t<div class=\"elementor-element elementor-element-17eea87 e-con-full e-flex e-con e-child\" data-id=\"17eea87\" data-element_type=\"container\" data-e-type=\"container\">\n\t\t\t\t<div class=\"elementor-element elementor-element-42c3a60 elementor-widget elementor-widget-image\" data-id=\"42c3a60\" data-element_type=\"widget\" data-e-type=\"widget\" data-widget_type=\"image.default\">\n\t\t\t\t\t\t\t\t\t\t\t\t\t\t\t<img fetchpriority=\"high\" decoding=\"async\" data-attachment-id=\"763\" data-permalink=\"https:\/\/janeunmasked.com\/es\/home\/envato-graphic-57e6c053-a194-4893-883e-1144db1e7bbe-1\/\" data-orig-file=\"https:\/\/i0.wp.com\/janeunmasked.com\/wp-content\/uploads\/2025\/12\/envato-graphic-57e6c053-a194-4893-883e-1144db1e7bbe-1.webp?fit=1024%2C1024&amp;ssl=1\" data-orig-size=\"1024,1024\" data-comments-opened=\"1\" data-image-meta=\"{&quot;aperture&quot;:&quot;0&quot;,&quot;credit&quot;:&quot;&quot;,&quot;camera&quot;:&quot;&quot;,&quot;caption&quot;:&quot;&quot;,&quot;created_timestamp&quot;:&quot;0&quot;,&quot;copyright&quot;:&quot;&quot;,&quot;focal_length&quot;:&quot;0&quot;,&quot;iso&quot;:&quot;0&quot;,&quot;shutter_speed&quot;:&quot;0&quot;,&quot;title&quot;:&quot;&quot;,&quot;orientation&quot;:&quot;0&quot;}\" data-image-title=\"origami_cloud_JU\" data-image-description=\"&lt;p&gt;Origami Cloud&lt;\/p&gt;\" data-image-caption=\"\" data-medium-file=\"https:\/\/i0.wp.com\/janeunmasked.com\/wp-content\/uploads\/2025\/12\/envato-graphic-57e6c053-a194-4893-883e-1144db1e7bbe-1.webp?fit=300%2C300&amp;ssl=1\" data-large-file=\"https:\/\/i0.wp.com\/janeunmasked.com\/wp-content\/uploads\/2025\/12\/envato-graphic-57e6c053-a194-4893-883e-1144db1e7bbe-1.webp?fit=800%2C800&amp;ssl=1\" width=\"370\" height=\"208\" src=\"https:\/\/i0.wp.com\/janeunmasked.com\/wp-content\/uploads\/2025\/12\/envato-graphic-57e6c053-a194-4893-883e-1144db1e7bbe-1.webp?resize=370%2C208&amp;ssl=1\" class=\"attachment-trx_addons-thumb-medium size-trx_addons-thumb-medium wp-image-763\" alt=\"Origami Cloud\" srcset=\"https:\/\/i0.wp.com\/janeunmasked.com\/wp-content\/uploads\/2025\/12\/envato-graphic-57e6c053-a194-4893-883e-1144db1e7bbe-1.webp?resize=770%2C433&amp;ssl=1 770w, https:\/\/i0.wp.com\/janeunmasked.com\/wp-content\/uploads\/2025\/12\/envato-graphic-57e6c053-a194-4893-883e-1144db1e7bbe-1.webp?resize=370%2C208&amp;ssl=1 370w, https:\/\/i0.wp.com\/janeunmasked.com\/wp-content\/uploads\/2025\/12\/envato-graphic-57e6c053-a194-4893-883e-1144db1e7bbe-1.webp?resize=270%2C152&amp;ssl=1 270w\" sizes=\"(max-width: 370px) 100vw, 370px\" \/>\t\t\t\t\t\t\t\t\t\t\t\t\t\t\t<\/div>\n\t\t\t\t<\/div>\n\t\t\t\t<\/div>\n\t\t\t\t\t<\/div>\n\t\t\t\t<\/div>\n\t\t<div class=\"elementor-element elementor-element-65a9d205 e-flex e-con-boxed e-con e-parent\" data-id=\"65a9d205\" data-element_type=\"container\" data-e-type=\"container\" data-settings=\"{&quot;background_background&quot;:&quot;classic&quot;}\">\n\t\t\t\t\t<div class=\"e-con-inner\">\n\t\t<div class=\"elementor-element elementor-element-2204053 e-con-full e-flex e-con e-child\" data-id=\"2204053\" data-element_type=\"container\" data-e-type=\"container\">\n\t\t\t\t<div class=\"elementor-element elementor-element-2ddb42f elementor-widget elementor-widget-text-editor\" data-id=\"2ddb42f\" data-element_type=\"widget\" data-e-type=\"widget\" data-widget_type=\"text-editor.default\">\n\t\t\t\t\t\t\t\t\t<p>Este espacio refleja mis experiencias personales \u2014 la perspectiva de una persona neurodivergente entre muchas. Comparto lo que he aprendido, lo que he enfrentado y lo que me ha resultado \u00fatil, pero no hablo en nombre de toda la comunidad. Reconozco que no todos tienen el mismo acceso al diagn\u00f3stico ni al apoyo, y soy consciente del privilegio que he tenido al poder buscar y recibir ambos.<\/p><p>Mi meta es reducir el estigma, desafiar los mitos y crear un espacio donde se comprendan y valoren las diferencias. Lo que comparto tiene como objetivo fomentar el aprendizaje, no reemplazar la atenci\u00f3n profesional. Si necesitas evaluaci\u00f3n o tratamiento, por favor contacta a profesionales cualificados.<\/p>\t\t\t\t\t\t\t\t<\/div>\n\t\t\t\t<div class=\"elementor-element elementor-element-1c89986 elementor-widget elementor-widget-heading\" data-id=\"1c89986\" data-element_type=\"widget\" data-e-type=\"widget\" data-widget_type=\"heading.default\">\n\t\t\t\t\t<h2 class=\"elementor-heading-title elementor-size-default\">Transparencia total (por favor leer)...<\/h2>\t\t\t\t<\/div>\n\t\t\t\t<div class=\"elementor-element elementor-element-e869f5a elementor-widget elementor-widget-text-editor\" data-id=\"e869f5a\" data-element_type=\"widget\" data-e-type=\"widget\" data-widget_type=\"text-editor.default\">\n\t\t\t\t\t\t\t\t\t<p>Todo el contenido compartido en este sitio y en mis redes sociales refleja mis experiencias, perspectivas y opiniones personales. Cuando hago referencia a hechos comprobados, como definiciones m\u00e9dicas o resultados de investigaciones, proporciono fuentes y enlaces para que los lectores puedan consultar la informaci\u00f3n directamente.<\/p><p>No pretendo ni afirmo representar a todas las personas autistas, con TDAH o cualquier otra condici\u00f3n neurodivergente. Las experiencias neurodivergentes var\u00edan enormemente, y ninguna voz puede hablar por s\u00ed sola en nombre de toda la comunidad. Tambi\u00e9n reconozco las barreras reales que muchas personas enfrentan para acceder a una evaluaci\u00f3n o recibir un diagn\u00f3stico preciso, como el tiempo, el costo, los problemas sist\u00e9micos y los diagn\u00f3sticos err\u00f3neos. Poder contar mi historia abiertamente conlleva un privilegio que reconozco.<\/p><p>El prop\u00f3sito de este proyecto es aumentar la comprensi\u00f3n y la concienciaci\u00f3n, desafiar los estereotipos y fomentar un espacio donde las personas neurodivergentes se sientan valoradas, respetadas e incluidas. Celebrar las diferencias no minimiza los desaf\u00edos reales que muchos enfrentamos; m\u00e1s bien, espero que una mejor informaci\u00f3n, compasi\u00f3n y visibilidad apoyen a las personas a buscar y obtener los recursos, la atenci\u00f3n y las adaptaciones que necesitan.<\/p><p>Nada compartido aqu\u00ed pretende sustituir la orientaci\u00f3n m\u00e9dica, psicol\u00f3gica o educativa profesional. Si necesitas apoyo, evaluaci\u00f3n o tratamiento, por favor consulta a un profesional cualificado.<\/p>\t\t\t\t\t\t\t\t<\/div>\n\t\t\t\t<div class=\"elementor-element elementor-element-9be0c47 elementor-widget elementor-widget-heading\" data-id=\"9be0c47\" data-element_type=\"widget\" data-e-type=\"widget\" data-widget_type=\"heading.default\">\n\t\t\t\t\t<h2 class=\"elementor-heading-title elementor-size-default\">Contenido incrustado de otros sitios web<\/h2>\t\t\t\t<\/div>\n\t\t\t\t<div class=\"elementor-element elementor-element-fe47268 elementor-widget elementor-widget-text-editor\" data-id=\"fe47268\" data-element_type=\"widget\" data-e-type=\"widget\" data-widget_type=\"text-editor.default\">\n\t\t\t\t\t\t\t\t\t<p>Algunas publicaciones de este sitio pueden incluir contenido incrustado, como v\u00eddeos, im\u00e1genes o art\u00edculos. El contenido incrustado de otros sitios se comporta exactamente como si hubieras visitado el sitio externo directamente.<\/p><p>Estos sitios pueden recopilar datos sobre ti, utilizar cookies, incrustar seguimiento adicional de terceros y monitorear tu interacci\u00f3n con ese contenido incrustado, incluyendo el seguimiento de tu actividad si tienes una cuenta y est\u00e1s conectado a ese sitio web.<\/p><p>Los servicios de terceros utilizados en este sitio pueden recopilar datos de acuerdo con sus propias pol\u00edticas de privacidad.<\/p>\t\t\t\t\t\t\t\t<\/div>\n\t\t\t\t<div class=\"elementor-element elementor-element-9ebd4d2 elementor-widget elementor-widget-heading\" data-id=\"9ebd4d2\" data-element_type=\"widget\" data-e-type=\"widget\" data-widget_type=\"heading.default\">\n\t\t\t\t\t<h2 class=\"elementor-heading-title elementor-size-default\">Suscripciones por correo electr\u00f3nico<\/h2>\t\t\t\t<\/div>\n\t\t\t\t<div class=\"elementor-element elementor-element-68526bb elementor-widget elementor-widget-text-editor\" data-id=\"68526bb\" data-element_type=\"widget\" data-e-type=\"widget\" data-widget_type=\"text-editor.default\">\n\t\t\t\t\t\t\t\t\t<p data-start=\"1096\" data-end=\"1236\">Si decides suscribirte a este sitio, recopilar\u00e9 tu direcci\u00f3n de correo electr\u00f3nico \u00fanicamente con el fin de notificarte cuando publique contenido nuevo.<\/p><p data-start=\"1238\" data-end=\"1475\">Las suscripciones por correo electr\u00f3nico se gestionan a trav\u00e9s de un servicio externo (Mailchimp). Este servicio almacena tu direcci\u00f3n de correo electr\u00f3nico de forma segura y no la comparte ni la vende a terceros. Puedes cancelar tu suscripci\u00f3n en cualquier momento mediante el enlace incluido en cada correo electr\u00f3nico.<\/p><p data-start=\"1477\" data-end=\"1587\">La suscripci\u00f3n es opcional y puedes visitar y leer el contenido de este sitio sin proporcionar tu direcci\u00f3n de correo electr\u00f3nico.<\/p>\t\t\t\t\t\t\t\t<\/div>\n\t\t\t\t<div class=\"elementor-element elementor-element-8688ba3 elementor-widget elementor-widget-heading\" data-id=\"8688ba3\" data-element_type=\"widget\" data-e-type=\"widget\" data-widget_type=\"heading.default\">\n\t\t\t\t\t<h2 class=\"elementor-heading-title elementor-size-default\">Privacidad y Protecci\u00f3n de Datos<\/h2>\t\t\t\t<\/div>\n\t\t\t\t<div class=\"elementor-element elementor-element-993ea7a elementor-widget elementor-widget-text-editor\" data-id=\"993ea7a\" data-element_type=\"widget\" data-e-type=\"widget\" data-widget_type=\"text-editor.default\">\n\t\t\t\t\t\t\t\t\t<p>Este sitio utiliza Google Analytics a trav\u00e9s de Google Site Kit para comprender mejor c\u00f3mo se utiliza el sitio (por ejemplo, qu\u00e9 p\u00e1ginas se visitan con m\u00e1s frecuencia). Google Analytics puede procesar datos t\u00e9cnicos como la direcci\u00f3n IP, el tipo de dispositivo, la informaci\u00f3n del navegador y la ubicaci\u00f3n aproximada. En las regiones donde la ley exige el consentimiento, los datos anal\u00edticos pueden limitarse o desactivarse hasta que se implementen los mecanismos de consentimiento adecuados.<\/p><p>Este sitio no recopila activamente datos personales como nombres, direcciones de correo electr\u00f3nico ni informaci\u00f3n de contacto. Cualquier dato t\u00e9cnico b\u00e1sico (como direcciones IP) podr\u00eda ser procesado por servicios de terceros a trav\u00e9s de contenido incrustado.<\/p><p>Este sitio no instala cookies. Sin embargo, el contenido incrustado de terceros (como Instagram, TikTok o YouTube) puede instalar cookies o utilizar tecnolog\u00edas similares.<\/p><p>Si te encuentras en la UE o el Reino Unido, tienes derecho a acceder, corregir o solicitar la eliminaci\u00f3n de cualquier dato personal relacionado a ti y a oponerte a ciertos tipos de procesamiento.<\/p><p>Para preguntas o solicitudes relacionadas con la privacidad, puedes comunicarte conmigo en: <a href=\"mailto:me@janeunmasked.com\">me@janeunmasked.com<\/a><\/p><p>Este sitio es operado por una persona ubicada fuera de la UE, pero es accesible globalmente y tiene como objetivo respetar las regulaciones de protecci\u00f3n de datos aplicables, incluido el RGPD.<\/p>\t\t\t\t\t\t\t\t<\/div>\n\t\t\t\t<\/div>\n\t\t\t\t\t<\/div>\n\t\t\t\t<\/div>\n\t\t\t\t<\/div>","protected":false},"excerpt":{"rendered":"<p>About this space&#8230; This space is shaped by my lived experience\u2014one neurodivergent person\u2019s perspective among many. I share what I\u2019ve learned, what I\u2019ve struggled with, and what I\u2019ve found helpful, but I don\u2019t speak for the entire community. I also recognize that not everyone has equal access to diagnosis or support, and I\u2019m aware of [&hellip;]<\/p>\n","protected":false},"author":274198088,"featured_media":0,"parent":0,"menu_order":0,"comment_status":"closed","ping_status":"closed","template":"","meta":{"_crdt_document":"","advanced_seo_description":"","jetpack_seo_html_title":"","jetpack_seo_noindex":false,"jetpack_post_was_ever_published":true,"footnotes":""},"class_list":["post-485","page","type-page","status-publish","hentry"],"jetpack_likes_enabled":false,"jetpack_sharing_enabled":false,"jetpack_shortlink":"https:\/\/wp.me\/PgFp24-7P","jetpack-related-posts":[{"id":495,"url":"https:\/\/janeunmasked.com\/es\/about-me\/","url_meta":{"origin":485,"position":0},"title":"Sobre m\u00ed","author":"janeunmasked","date":"diciembre 16, 2025","format":false,"excerpt":"Who am I... Hi, I'm Jane... I am a 46-year-old, bilingual, working, late-diagnosed (2e) autistic woman with ADHD. Which is a nice, tidy sentence for a life that was spent mostly as an unanswered question.I live my life deeply committed to two simple rules:1 - Treat others the way you\u2019d\u2026","rel":"","context":"Entrada similar ","block_context":{"text":"Entrada similar ","link":""},"img":{"alt_text":"Jane Illustration","src":"https:\/\/i0.wp.com\/janeunmasked.com\/wp-content\/uploads\/2025\/12\/JaneIllustrationWeb.webp?resize=350%2C200&ssl=1","width":350,"height":200,"srcset":"https:\/\/i0.wp.com\/janeunmasked.com\/wp-content\/uploads\/2025\/12\/JaneIllustrationWeb.webp?resize=350%2C200&ssl=1 1x, https:\/\/i0.wp.com\/janeunmasked.com\/wp-content\/uploads\/2025\/12\/JaneIllustrationWeb.webp?resize=525%2C300&ssl=1 1.5x, https:\/\/i0.wp.com\/janeunmasked.com\/wp-content\/uploads\/2025\/12\/JaneIllustrationWeb.webp?resize=700%2C400&ssl=1 2x"},"classes":[]},{"id":501,"url":"https:\/\/janeunmasked.com\/es\/","url_meta":{"origin":485,"position":1},"title":"Inicio","author":"janeunmasked","date":"diciembre 16, 2025","format":false,"excerpt":"Jane... unmasked An AuDHD \u2022 Neurodivergent chaos agent...unmasking - with honesty, humor, and heart. Hi, I 'm Jane! A (2e) AuDHD \/ Neurodivergent chaos agent... hoping to spread awareness, share real knowledge, and debunk myths that refuse to go away - through honesty and humor.If you\u2019ve ever felt \u201ctoo much\u201d,\u2026","rel":"","context":"Entrada similar ","block_context":{"text":"Entrada similar ","link":""},"img":{"alt_text":"Origami Fox","src":"https:\/\/i0.wp.com\/janeunmasked.com\/wp-content\/uploads\/2025\/12\/envato-graphic-afaba4d6-f91b-4090-ae84-4aca8ac5e8a9-1.webp?resize=350%2C200&ssl=1","width":350,"height":200,"srcset":"https:\/\/i0.wp.com\/janeunmasked.com\/wp-content\/uploads\/2025\/12\/envato-graphic-afaba4d6-f91b-4090-ae84-4aca8ac5e8a9-1.webp?resize=350%2C200&ssl=1 1x, https:\/\/i0.wp.com\/janeunmasked.com\/wp-content\/uploads\/2025\/12\/envato-graphic-afaba4d6-f91b-4090-ae84-4aca8ac5e8a9-1.webp?resize=525%2C300&ssl=1 1.5x, https:\/\/i0.wp.com\/janeunmasked.com\/wp-content\/uploads\/2025\/12\/envato-graphic-afaba4d6-f91b-4090-ae84-4aca8ac5e8a9-1.webp?resize=700%2C400&ssl=1 2x"},"classes":[]},{"id":1522,"url":"https:\/\/janeunmasked.com\/es\/understanding-masking\/","url_meta":{"origin":485,"position":2},"title":"Entendiendo el enmascaramiento: escondido a plena vista","author":"janeunmasked","date":"marzo 10, 2026","format":false,"excerpt":"Take me home More Articles En Espa\u00f1ol Understanding Masking: Hiding in Plain Sight Masking\u2014sometimes called camouflaging, passing, or social camouflage\u2014is an age-old part of human behavior.Throughout history, people have adapted how they speak or dress to suit a job interview, a family dinner, or simply to fit in with a\u2026","rel":"","context":"Entrada similar ","block_context":{"text":"Entrada similar ","link":""},"img":{"alt_text":"Child with mask in origami style","src":"https:\/\/i0.wp.com\/janeunmasked.com\/wp-content\/uploads\/2026\/03\/JU-Masking-Origami-300x300.png?resize=350%2C200&ssl=1","width":350,"height":200},"classes":[]},{"id":1205,"url":"https:\/\/janeunmasked.com\/es\/autism-spectrum-disorder-asd\/","url_meta":{"origin":485,"position":3},"title":"Trastorno del Espectro Autista (TEA)","author":"janeunmasked","date":"enero 7, 2026","format":false,"excerpt":"Take me home More Articles En Espa\u00f1ol Autism Spectrum Disorder (ASD) What Is Autism Spectrum Disorder? Autism spectrum disorder is a neurological and developmental difference that affects how people experience the world, interact with others, communicate, learn and behave.An autistic person has different neurological\/brain wiring (think Mac vs. PC) which\u2026","rel":"","context":"Entrada similar ","block_context":{"text":"Entrada similar ","link":""},"img":{"alt_text":"Origami ASD Brain","src":"https:\/\/i0.wp.com\/janeunmasked.com\/wp-content\/uploads\/2026\/01\/envato-graphic-2b41f08c-7708-4998-8067-01f301e162a1-2-300x300.png?resize=350%2C200&ssl=1","width":350,"height":200},"classes":[]}],"_links":{"self":[{"href":"https:\/\/janeunmasked.com\/es\/wp-json\/wp\/v2\/pages\/485","targetHints":{"allow":["GET"]}}],"collection":[{"href":"https:\/\/janeunmasked.com\/es\/wp-json\/wp\/v2\/pages"}],"about":[{"href":"https:\/\/janeunmasked.com\/es\/wp-json\/wp\/v2\/types\/page"}],"author":[{"embeddable":true,"href":"https:\/\/janeunmasked.com\/es\/wp-json\/wp\/v2\/users\/274198088"}],"replies":[{"embeddable":true,"href":"https:\/\/janeunmasked.com\/es\/wp-json\/wp\/v2\/comments?post=485"}],"version-history":[{"count":75,"href":"https:\/\/janeunmasked.com\/es\/wp-json\/wp\/v2\/pages\/485\/revisions"}],"predecessor-version":[{"id":1373,"href":"https:\/\/janeunmasked.com\/es\/wp-json\/wp\/v2\/pages\/485\/revisions\/1373"}],"wp:attachment":[{"href":"https:\/\/janeunmasked.com\/es\/wp-json\/wp\/v2\/media?parent=485"}],"curies":[{"name":"wp","href":"https:\/\/api.w.org\/{rel}","templated":true}]}}